{"id":4799,"date":"2021-03-07T18:08:31","date_gmt":"2021-03-07T17:08:31","guid":{"rendered":"http:\/\/ki-wi.website\/stadtrundgang\/?page_id=4799"},"modified":"2021-05-04T22:36:30","modified_gmt":"2021-05-04T20:36:30","slug":"schlachthof-rampe-murnaustrasse","status":"publish","type":"page","link":"https:\/\/ki-wi.website\/stadtrundgang\/rundgang\/schlachthof-rampe-murnaustrasse\/","title":{"rendered":"Schlachthoframpe &#8211; Murnaustra\u00dfe"},"content":{"rendered":"\n<p>Die Nationalsozialisten nutzten die Rampe als Ausgangspunkt f\u00fcr die Deportation der von ihnen verfolgten Menschen aus Wiesbaden in die Konzentrationslager.<\/p>\n\n\n\n<figure class=\"wp-block-image size-large is-resized\"><img loading=\"lazy\" decoding=\"async\" src=\"http:\/\/ki-wi.website\/stadtrundgang\/wp-content\/uploads\/sites\/2\/2021\/05\/Mahnmal_Schlachthoframpe_Wiesbaden_FotocSchlachthofWiesbaden-480x360-1.jpg\" alt=\"\" class=\"wp-image-4903\" width=\"400\" height=\"300\" srcset=\"https:\/\/ki-wi.website\/stadtrundgang\/wp-content\/uploads\/sites\/2\/2021\/05\/Mahnmal_Schlachthoframpe_Wiesbaden_FotocSchlachthofWiesbaden-480x360-1.jpg 480w, https:\/\/ki-wi.website\/stadtrundgang\/wp-content\/uploads\/sites\/2\/2021\/05\/Mahnmal_Schlachthoframpe_Wiesbaden_FotocSchlachthofWiesbaden-480x360-1-300x225.jpg 300w\" sizes=\"(max-width: 400px) 100vw, 400px\" \/><figcaption><em>Das Deportationsmahnmal Schlachthoframpe im heutigen Kulturpark.<\/em><\/figcaption><\/figure>\n\n\n\n<p>Dort wurden von Mai bis August 1942 insgesamt etwa 770\u2013800 j\u00fcdische Menschen in Waggons verladen, die sie \u00fcber Frankfurt a. M. in die Vernichtungslager im Osten brachten. Insgesamt wurden w\u00e4hrend der Shoa ca. 6 Millionen Menschen, welche von den Nazis als \u201eJuden\u201c definiert wurden, umgebracht. Auch andere Menschen, die die Nazis in ideologische Kategorien einteilten (z.B. sogenannte \u201eZigeuner\u201c, Homosexuelle und weitere Opfergruppen), wurden von hier aus zu verschiedenen Stationen des Lagersystems und somit in den industriellen Massenmord deportiert.<\/p>\n\n\n\n<figure class=\"wp-block-image size-large is-resized\"><img loading=\"lazy\" decoding=\"async\" src=\"http:\/\/ki-wi.website\/stadtrundgang\/wp-content\/uploads\/sites\/2\/2021\/05\/Rampe-Deportation.jpg\" alt=\"\" class=\"wp-image-4905\" width=\"400\" height=\"450\"\/><figcaption><em>Szene der Deportation der Wiesbadener J\u00fcdinnen und Juden am 29. August 1942.<\/em><\/figcaption><\/figure>\n\n\n\n<p>Diese Deportationen fanden nicht isoliert statt, sondern waren eingebettet in gesellschaftliche, politische und rechtliche Strukturen. Die ideologische Grundlegung und t\u00f6dliche Umsetzung der nationalsozialistischen sogenannten \u201eRassenpolitik\u201c wurde auch an vielen anderen Orten in Wiesbaden vorbereitet, verwaltet und ma\u00dfgeblich vorangetrieben. <em>Ein<\/em> Teil dieses Verfolgungssystems war auch die sogenannte \u201eEuthanasie\u201c, also die Ermordung der von den Nazis als \u201eminderwertig\u201c bezeichneten Menschen. Auf dieses Thema wird an den Stationen, dem ehemaligen \u201eAmt f\u00fcr Erb- und Rassenpflege\u201c und heutigen Landeshaus und den \u201eSt\u00e4dtischen Kliniken\u201c in der Schwalbacherstra\u00dfe 72-74, n\u00e4her eingegangen.<\/p>\n\n\n\n<p><\/p>\n\n\n\n<p><strong>Audioerkl\u00e4rung zur Stadtrundgangsstation &#8222;Schlachthoframpe&#8220;:<\/strong><\/p>\n\n\n\n<figure class=\"wp-block-audio\"><audio controls src=\"http:\/\/ki-wi.website\/stadtrundgang\/wp-content\/uploads\/sites\/2\/2019\/11\/2._Schlachthof-Rampe_final.mp3\"><\/audio><\/figure>\n","protected":false},"excerpt":{"rendered":"<p>Die Nationalsozialisten nutzten die Rampe als Ausgangspunkt f\u00fcr die Deportation der von ihnen verfolgten Menschen aus Wiesbaden in die Konzentrationslager. Dort wurden von Mai bis August 1942 insgesamt etwa 770\u2013800 j\u00fcdische Menschen in Waggons verladen, die sie \u00fcber Frankfurt a. M. in die Vernichtungslager im Osten brachten. Insgesamt wurden w\u00e4hrend der Shoa ca. 6 Millionen &hellip; <a href=\"https:\/\/ki-wi.website\/stadtrundgang\/rundgang\/schlachthof-rampe-murnaustrasse\/\" class=\"more-link\">Weiterlesen <span class=\"screen-reader-text\">Schlachthoframpe &#8211; Murnaustra\u00dfe<\/span><\/a><\/p>\n","protected":false},"author":1,"featured_media":0,"parent":11,"menu_order":0,"comment_status":"closed","ping_status":"closed","template":"","meta":{"footnotes":""},"_links":{"self":[{"href":"https:\/\/ki-wi.website\/stadtrundgang\/wp-json\/wp\/v2\/pages\/4799"}],"collection":[{"href":"https:\/\/ki-wi.website\/stadtrundgang\/wp-json\/wp\/v2\/pages"}],"about":[{"href":"https:\/\/ki-wi.website\/stadtrundgang\/wp-json\/wp\/v2\/types\/page"}],"author":[{"embeddable":true,"href":"https:\/\/ki-wi.website\/stadtrundgang\/wp-json\/wp\/v2\/users\/1"}],"replies":[{"embeddable":true,"href":"https:\/\/ki-wi.website\/stadtrundgang\/wp-json\/wp\/v2\/comments?post=4799"}],"version-history":[{"count":17,"href":"https:\/\/ki-wi.website\/stadtrundgang\/wp-json\/wp\/v2\/pages\/4799\/revisions"}],"predecessor-version":[{"id":4990,"href":"https:\/\/ki-wi.website\/stadtrundgang\/wp-json\/wp\/v2\/pages\/4799\/revisions\/4990"}],"up":[{"embeddable":true,"href":"https:\/\/ki-wi.website\/stadtrundgang\/wp-json\/wp\/v2\/pages\/11"}],"wp:attachment":[{"href":"https:\/\/ki-wi.website\/stadtrundgang\/wp-json\/wp\/v2\/media?parent=4799"}],"curies":[{"name":"wp","href":"https:\/\/api.w.org\/{rel}","templated":true}]}}