{"id":25,"date":"2016-07-16T16:46:28","date_gmt":"2016-07-16T14:46:28","guid":{"rendered":"http:\/\/rundgang.ki-wi.mobi\/?page_id=25"},"modified":"2021-05-02T18:36:53","modified_gmt":"2021-05-02T16:36:53","slug":"1_3","status":"publish","type":"page","link":"https:\/\/ki-wi.website\/stadtrundgang\/rundgang\/1_3\/","title":{"rendered":"Die Widerstandsgruppe &#8222;Die Kette&#8220; &#8211; Buchhandlung Vaternahm, An den Quellen 12"},"content":{"rendered":"\n<p>In der Buchhandlung Dr. Otto Vaternahm wurden bei einer Razzia stapelweise Flugbl\u00e4tter der &#8222;Wei\u00dfen Rose&#8220; gefunden, besonders Exemplare des letzten Flugblatts: &#8222;Ein deutsches Flugblatt. Manifest der M\u00fcnchener Studenten&#8220;.<\/p>\n\n\n\n<p>Es ist nicht klar, inwieweit es einen direkten Kontakt von Wiesbadener Widerstandsk\u00e4mpfer:innen zu der M\u00fcnchener Gruppe gab, oder ob es sich um Nachdrucke aus England handelte. Erst sp\u00e4ter wurde bekannt, dass Vaternahm Kontakt zum sogenannten \u201eFreundeskreis Roos\u201c hatte, eben jener Widerstandsgruppe, die sich selbst \u201eDie Kette\u201c nannte.<\/p>\n\n\n\n<p>Dabei handelte es sich um ein eher loses Untergrund-Netzwerk von \u00fcber 30 Menschen \u2013 den einzelnen \u201ePerlen\u201c der Kette \u2013 die \u00fcber informelle Verbindungen, Skatrunden, Spazierg\u00e4nge usw. miteinander in Kontakt standen. Die meisten kamen aus dem B\u00fcrgertum und geh\u00f6rten vor der NS-Zeit der liberalen DDP (Deutsche Demokratische Partei) oder der SPD an.<\/p>\n\n\n\n<p>Im Mittelpunkt dieses Netzwerkes stand Heinrich Roos, der in den 20er Jahren ebenfalls Mitglied der DDP, sowie des \u201eReichsbanner Schwarz-Rot-Gold\u201c war (einem von SPD, DDP und der Zentrumspartei gegr\u00fcndeten Wehrverband zum Schutz der demokratischen Weimarer Republik). Roos hatte eine Stelle im Steueramt in Wiesbaden. Zwar war er von den Nazis entlassen worden, klagte aber erfolgreich dagegen und wurde 1934 wieder eingestellt. In dieser Funktion half er J\u00fcdinnen und Juden bei Zwangsverk\u00e4ufen m\u00f6glichst faire Preise zu erzielen.<\/p>\n\n\n\n<p>Die Mitglieder der Gruppe \u201eDie Kette\u201c sahen sich selbst in der politischen \u00dcberwinterung. Dies hie\u00df aber keineswegs, dass sie passiv der Dinge harrten. Formen der Aktivit\u00e4t waren zum Beispiel Diskussionsrunden \u00fcber unterdr\u00fcckte Nachrichten, was an sich schon hochriskant f\u00fcr alle Beteiligten war. Dar\u00fcber hinaus wurden Geld, Lebensmittel und Sachspenden zur Unterst\u00fctzung Verfolgter gesammelt, insbesondere auch zur Unterst\u00fctzung von j\u00fcdischen Menschen in Not. Der Gruppe gelang es \u00fcber l\u00e4ngere Zeit, den Verfolgern einen Schritt voraus zu bleiben. Denn ein Mitglied arbeitete als Telegrapheninspektor und ein anderes als Kriminalkommissar, und beide konnten wiederholt Warnungen \u00fcber laufende Ermittlungen gegen das Umfeld der Gruppe weiterleiten.<\/p>\n\n\n\n<p>Aus dem Freundeskreis heraus gab es aber auch Kontakte in andere politische Widerstandsgruppen. So war Roos selbst mit den Kommunisten Andre Hoevel und Adolf Noetzel befreundet. Letzterer wurde nach seiner Haftentlassung bei Roos zuhause gesund gepflegt. Eine weitere Verbindung bestand \u00fcber Martin Nischalke zu der Gruppe um Wilhelm Leuschner und somit in den Kreis der Verschw\u00f6rer:innen, die das gescheiterte Attentat auf Hitler vom 20. Juli 1944 planten.<\/p>\n\n\n\n<p>Zuletzt bleibt hier zu sagen, dass viele Mitglieder dieses Kreises die NS-Zeit auch aufgrund der Vorsicht bei allen Aktivit\u00e4ten \u00fcberlebten und auch zur politischen Reorganisation nach 1945 beitrugen.<\/p>\n\n\n\n<p><strong>Audioerkl\u00e4rung zur Stadtrundgangsstation &#8222;Die Widerstandsgruppe &#8218;Die Kette'&#8220;:<\/strong><\/p>\n\n\n\n<figure class=\"wp-block-audio\"><audio controls src=\"http:\/\/ki-wi.website\/stadtrundgang\/wp-content\/uploads\/sites\/2\/2019\/11\/7._Widerstandsgruppe_Kette_final.mp3\"><\/audio><\/figure>\n\n\n\n<hr class=\"wp-block-separator is-style-wide\"\/>\n\n\n\n<p>Quellen:<\/p>\n\n\n\n<ul><li>Ulrich, Axel. Politischer Widerstand gegen das \u201eDritte Reich\u201c im Rhein-Main-Gebiet. Wiesbaden: Thrun-Verlag, 2005. (Besonders: S. 175-178, 190-191.)<\/li><li>Zibell, Stephanie. \u201eStadtlexikon Wiesbaden: Roos, Heinrich\u201c. www.wiesbaden.de. Zugegriffen 14. August 2015. http:\/\/www.wiesbaden.de\/microsite\/stadtlexikon\/a-z\/Roos__Heinrich.php.<\/li><\/ul>\n","protected":false},"excerpt":{"rendered":"<p>In der Buchhandlung Dr. Otto Vaternahm wurden bei einer Razzia stapelweise Flugbl\u00e4tter der &#8222;Wei\u00dfen Rose&#8220; gefunden, besonders Exemplare des letzten Flugblatts: &#8222;Ein deutsches Flugblatt. Manifest der M\u00fcnchener Studenten&#8220;. Es ist nicht klar, inwieweit es einen direkten Kontakt von Wiesbadener Widerstandsk\u00e4mpfer:innen zu der M\u00fcnchener Gruppe gab, oder ob es sich um Nachdrucke aus England handelte. Erst &hellip; <a href=\"https:\/\/ki-wi.website\/stadtrundgang\/rundgang\/1_3\/\" class=\"more-link\">Weiterlesen <span class=\"screen-reader-text\">Die Widerstandsgruppe &#8222;Die Kette&#8220; &#8211; Buchhandlung Vaternahm, An den Quellen 12<\/span><\/a><\/p>\n","protected":false},"author":2,"featured_media":0,"parent":11,"menu_order":0,"comment_status":"closed","ping_status":"closed","template":"","meta":{"footnotes":""},"_links":{"self":[{"href":"https:\/\/ki-wi.website\/stadtrundgang\/wp-json\/wp\/v2\/pages\/25"}],"collection":[{"href":"https:\/\/ki-wi.website\/stadtrundgang\/wp-json\/wp\/v2\/pages"}],"about":[{"href":"https:\/\/ki-wi.website\/stadtrundgang\/wp-json\/wp\/v2\/types\/page"}],"author":[{"embeddable":true,"href":"https:\/\/ki-wi.website\/stadtrundgang\/wp-json\/wp\/v2\/users\/2"}],"replies":[{"embeddable":true,"href":"https:\/\/ki-wi.website\/stadtrundgang\/wp-json\/wp\/v2\/comments?post=25"}],"version-history":[{"count":2,"href":"https:\/\/ki-wi.website\/stadtrundgang\/wp-json\/wp\/v2\/pages\/25\/revisions"}],"predecessor-version":[{"id":4964,"href":"https:\/\/ki-wi.website\/stadtrundgang\/wp-json\/wp\/v2\/pages\/25\/revisions\/4964"}],"up":[{"embeddable":true,"href":"https:\/\/ki-wi.website\/stadtrundgang\/wp-json\/wp\/v2\/pages\/11"}],"wp:attachment":[{"href":"https:\/\/ki-wi.website\/stadtrundgang\/wp-json\/wp\/v2\/media?parent=25"}],"curies":[{"name":"wp","href":"https:\/\/api.w.org\/{rel}","templated":true}]}}