{"id":18,"date":"2016-07-16T16:25:52","date_gmt":"2016-07-16T14:25:52","guid":{"rendered":"http:\/\/rundgang.ki-wi.mobi\/?page_id=18"},"modified":"2021-05-02T18:50:20","modified_gmt":"2021-05-02T16:50:20","slug":"2_1","status":"publish","type":"page","link":"https:\/\/ki-wi.website\/stadtrundgang\/rundgang\/2_1\/","title":{"rendered":"Synagoge am Michelsberg &#8211; Coulinstr. \/ Michelsberg"},"content":{"rendered":"\n<p>Die gr\u00f6\u00dfte Synagoge Wiesbadens stand bis zu den Novemberpogromen am Michelsberg. Der Bau, der sich an orientalischer Architektur orientierte, war 1869 feierlich eingeweiht worden. Auf der Website der J\u00fcdischen Gemeinde Wiesbadens findet sich eine digitale Rekonstruktion.<\/p>\n\n\n\n<figure class=\"wp-block-image size-large is-resized\"><img loading=\"lazy\" decoding=\"async\" src=\"http:\/\/ki-wi.website\/stadtrundgang\/wp-content\/uploads\/sites\/2\/2021\/05\/Innenraum-grosse-Synagoge.jpg\" alt=\"\" class=\"wp-image-4971\" width=\"400\" height=\"609\"\/><figcaption><em>Der prachvolle Innenraum der alten Synagoge am Michelsberg.<\/em><\/figcaption><\/figure>\n\n\n\n<p>An den Ereignissen der Pogromnacht war ma\u00dfgeblich die SA-Standarte 80 beteiligt, die in Wiesbaden auch \u00fcber Dienstgeb\u00e4ude verf\u00fcgte. Am 10. November 1938 wurde die Synagoge zun\u00e4chst in Brand gesetzt. Es wurde gel\u00f6scht \u2013 allerdings wiederum nicht, um die Synagoge zu retten, sondern um anliegende Geb\u00e4ude nicht zu gef\u00e4hrden. Denn anschlie\u00dfend wurde die Inneneinrichtung der Synagoge zerhackt und erneut in Brand gesetzt.<\/p>\n\n\n\n<figure class=\"wp-block-image size-large is-resized\"><img loading=\"lazy\" decoding=\"async\" src=\"http:\/\/ki-wi.website\/stadtrundgang\/wp-content\/uploads\/sites\/2\/2021\/05\/Novemberpogrom-Grosse-Synagoge.jpg\" alt=\"\" class=\"wp-image-4973\" width=\"400\" height=\"651\"\/><figcaption><em>Die infolge der Novemberpogrome 1938 in Brand gesteckte Synagoge am Michelsberg.<\/em><\/figcaption><\/figure>\n\n\n\n<p>Was von den Au\u00dfenmauern noch stand, wurde schlie\u00dflich 1939 abgerissen und die \u00dcberreste des Sockels wurden als L\u00f6schwasserreservoir genutzt.<\/p>\n\n\n\n<p>Heute steht am ehemaligen Standort der Synagoge eines der Mahnmale zur Erinnerung an die Opfer der nationalsozialistischen Verbrechen in Wiesbaden. Seit 1995 wurden dort die ehemaligen Grundrisse der Synagoge zur Erinnerung wieder sichtbar gemacht. Die Gedenkst\u00e4tte in ihrer jetzigen Form wurde 2010 errichtet.<\/p>\n\n\n\n<figure class=\"wp-block-image size-large\"><img loading=\"lazy\" decoding=\"async\" width=\"1024\" height=\"617\" src=\"http:\/\/ki-wi.website\/stadtrundgang\/wp-content\/uploads\/sites\/2\/2021\/05\/Michelsberg-Postkarte-1-1024x617.jpg\" alt=\"\" class=\"wp-image-4975\" srcset=\"https:\/\/ki-wi.website\/stadtrundgang\/wp-content\/uploads\/sites\/2\/2021\/05\/Michelsberg-Postkarte-1-1024x617.jpg 1024w, https:\/\/ki-wi.website\/stadtrundgang\/wp-content\/uploads\/sites\/2\/2021\/05\/Michelsberg-Postkarte-1-300x181.jpg 300w, https:\/\/ki-wi.website\/stadtrundgang\/wp-content\/uploads\/sites\/2\/2021\/05\/Michelsberg-Postkarte-1-768x462.jpg 768w, https:\/\/ki-wi.website\/stadtrundgang\/wp-content\/uploads\/sites\/2\/2021\/05\/Michelsberg-Postkarte-1-1536x925.jpg 1536w, https:\/\/ki-wi.website\/stadtrundgang\/wp-content\/uploads\/sites\/2\/2021\/05\/Michelsberg-Postkarte-1-631x380.jpg 631w, https:\/\/ki-wi.website\/stadtrundgang\/wp-content\/uploads\/sites\/2\/2021\/05\/Michelsberg-Postkarte-1.jpg 1810w\" sizes=\"(max-width: 1024px) 100vw, 1024px\" \/><figcaption><em>Alte Postkarte mit Blick zum Michelsberg. Links die gro\u00dfe Synagoge.<\/em><\/figcaption><\/figure>\n\n\n\n<p>Die oben abgebildete Postkarte verdeutlicht, wie sehr die Synagoge ins Stadtbild eingebettet war \u2013 wenn ihr die Kreuzung \u00fcberquert, k\u00f6nnt ihr euch im Vergleich davon ein Bild machen, was es bedeutet hat, die Synagoge aus dem Herzen der Stadt zu brennen.<\/p>\n\n\n\n<p><strong>Audioerkl\u00e4rung zur Stadtrundgangsstation &#8222;Synagoge am Michelsberg&#8220;:<\/strong><\/p>\n\n\n\n<figure class=\"wp-block-audio\"><audio controls src=\"http:\/\/ki-wi.website\/stadtrundgang\/wp-content\/uploads\/sites\/2\/2019\/11\/10._Synagoge_Michelsberg_final.mp3\"><\/audio><\/figure>\n\n\n\n<hr class=\"wp-block-separator is-style-wide\"\/>\n\n\n\n<p>Quellen:<\/p>\n\n\n\n<ul><li>Aktives Museum Spiegelgasse: \u201eOrte der Erinnerung in Wiesbaden.\u201c Zugegriffen 14. August 2015. http:\/\/www.am-spiegelgasse.de\/willkommen-in-der-spiegelgasse\/geschichte-und-erinnerung\/historische-orte\/<\/li><li>M\u00fchlhausen, Walter: \u201eAls die Synagogen brannten. Die November Pogrome 1938 in Hessen. Blickpunkt Hessen Nr. 15.\u201c www.hlz.hessen.de. Zugegriffen 17. August 2015. http:\/\/www.hlz.hessen.de\/fileadmin\/pdf\/blickpunkt\/blickpunkt15-Pogrome-web.pdf<\/li><li>Stadtarchiv der Landeshauptstadt Wiesbaden: \u201eSynagoge am Michelsberg\u201c. Zugegriffen 17. Juli 2016. http:\/\/www.wiesbaden.de\/kultur\/stadtgeschichte\/gedenkorte\/synagoge-michelsberg.php<\/li><\/ul>\n","protected":false},"excerpt":{"rendered":"<p>Die gr\u00f6\u00dfte Synagoge Wiesbadens stand bis zu den Novemberpogromen am Michelsberg. Der Bau, der sich an orientalischer Architektur orientierte, war 1869 feierlich eingeweiht worden. Auf der Website der J\u00fcdischen Gemeinde Wiesbadens findet sich eine digitale Rekonstruktion. An den Ereignissen der Pogromnacht war ma\u00dfgeblich die SA-Standarte 80 beteiligt, die in Wiesbaden auch \u00fcber Dienstgeb\u00e4ude verf\u00fcgte. Am &hellip; <a href=\"https:\/\/ki-wi.website\/stadtrundgang\/rundgang\/2_1\/\" class=\"more-link\">Weiterlesen <span class=\"screen-reader-text\">Synagoge am Michelsberg &#8211; Coulinstr. \/ Michelsberg<\/span><\/a><\/p>\n","protected":false},"author":2,"featured_media":0,"parent":11,"menu_order":0,"comment_status":"closed","ping_status":"closed","template":"","meta":{"footnotes":""},"_links":{"self":[{"href":"https:\/\/ki-wi.website\/stadtrundgang\/wp-json\/wp\/v2\/pages\/18"}],"collection":[{"href":"https:\/\/ki-wi.website\/stadtrundgang\/wp-json\/wp\/v2\/pages"}],"about":[{"href":"https:\/\/ki-wi.website\/stadtrundgang\/wp-json\/wp\/v2\/types\/page"}],"author":[{"embeddable":true,"href":"https:\/\/ki-wi.website\/stadtrundgang\/wp-json\/wp\/v2\/users\/2"}],"replies":[{"embeddable":true,"href":"https:\/\/ki-wi.website\/stadtrundgang\/wp-json\/wp\/v2\/comments?post=18"}],"version-history":[{"count":2,"href":"https:\/\/ki-wi.website\/stadtrundgang\/wp-json\/wp\/v2\/pages\/18\/revisions"}],"predecessor-version":[{"id":4976,"href":"https:\/\/ki-wi.website\/stadtrundgang\/wp-json\/wp\/v2\/pages\/18\/revisions\/4976"}],"up":[{"embeddable":true,"href":"https:\/\/ki-wi.website\/stadtrundgang\/wp-json\/wp\/v2\/pages\/11"}],"wp:attachment":[{"href":"https:\/\/ki-wi.website\/stadtrundgang\/wp-json\/wp\/v2\/media?parent=18"}],"curies":[{"name":"wp","href":"https:\/\/api.w.org\/{rel}","templated":true}]}}